{"id":2,"date":"2018-08-02T18:29:52","date_gmt":"2018-08-02T16:29:52","guid":{"rendered":"http:\/\/www.graphoui.org\/films-hybrides\/?page_id=2"},"modified":"2024-01-17T10:42:28","modified_gmt":"2024-01-17T09:42:28","slug":"videotheque","status":"publish","type":"page","link":"https:\/\/www.graphoui.org\/films-hybrides\/","title":{"rendered":"Vid\u00e9oth\u00e8que"},"content":{"rendered":"\n<p class=\"has-text-align-center has-medium-font-size\"><strong>Quelques r\u00e9f\u00e9rences de films qui nous ont interpell\u00e9s<\/strong><\/p>\n\n\n\n<figure class=\"wp-block-embed is-type-video is-provider-vimeo wp-block-embed-vimeo wp-embed-aspect-16-9 wp-has-aspect-ratio\"><div class=\"wp-block-embed__wrapper\">\n<iframe loading=\"lazy\" title=\"THE FULL STORY\" src=\"https:\/\/player.vimeo.com\/video\/359864626?dnt=1&amp;app_id=122963\" width=\"840\" height=\"454\" frameborder=\"0\" allow=\"autoplay; fullscreen; picture-in-picture\"><\/iframe>\n<\/div><\/figure>\n\n\n\n<figure class=\"wp-block-embed is-type-video is-provider-vimeo wp-block-embed-vimeo wp-embed-aspect-16-9 wp-has-aspect-ratio\"><div class=\"wp-block-embed__wrapper\">\n<iframe loading=\"lazy\" title=\"\u201cChulyen, histoire de Corbeau\u201d de Cerise Lopez et Agn\u00e8s Patron (no dialogues)\" src=\"https:\/\/player.vimeo.com\/video\/319002669?dnt=1&amp;app_id=122963\" width=\"840\" height=\"473\" frameborder=\"0\" allow=\"autoplay; fullscreen; picture-in-picture\"><\/iframe>\n<\/div><\/figure>\n\n\n<hr \/>\n<p><strong>Une \u00e9quipe de jeunes, encadr\u00e9e par Fr\u00e9d\u00e9rique Odye<\/strong><\/p>\n<p><iframe loading=\"lazy\" title=\"Maurepas Portrait urbain Portrait humain\" width=\"840\" height=\"473\" src=\"https:\/\/www.youtube.com\/embed\/Kr7KBtCV1cc?feature=oembed\" frameborder=\"0\" allow=\"accelerometer; autoplay; clipboard-write; encrypted-media; gyroscope; picture-in-picture; web-share\" allowfullscreen><\/iframe><\/p>\n<p><strong>Thomas de Brabanter<\/strong><\/p>\n<p><iframe loading=\"lazy\" title=\"A horror story (2014)\" src=\"https:\/\/player.vimeo.com\/video\/115979926?dnt=1&amp;app_id=122963\" width=\"840\" height=\"473\" frameborder=\"0\" allow=\"autoplay; fullscreen; picture-in-picture\"><\/iframe><\/p>\n<p><strong>Serge Avedikian<\/strong><\/p>\n<p><iframe loading=\"lazy\" title=\"Un beau matin\" width=\"840\" height=\"630\" src=\"https:\/\/www.youtube.com\/embed\/SP6fZrxFPMM?feature=oembed\" frameborder=\"0\" allow=\"accelerometer; autoplay; clipboard-write; encrypted-media; gyroscope; picture-in-picture; web-share\" allowfullscreen><\/iframe><\/p>\n<p><strong>Ga\u00eblle Denis<\/strong><\/p>\n<p><iframe loading=\"lazy\" title=\"City Paradise     - short film dir. by Gaelle Denis\" src=\"https:\/\/player.vimeo.com\/video\/36333084?dnt=1&amp;app_id=122963\" width=\"840\" height=\"473\" frameborder=\"0\" allow=\"autoplay; fullscreen; picture-in-picture\"><\/iframe><\/p>\n<p><strong>Schwitzgebel<\/strong><\/p>\n<p><iframe loading=\"lazy\" title=\"Georges Schwizgebel - Fugue (1998)\" width=\"840\" height=\"630\" src=\"https:\/\/www.youtube.com\/embed\/7FsIkLDP1Vk?feature=oembed\" frameborder=\"0\" allow=\"accelerometer; autoplay; clipboard-write; encrypted-media; gyroscope; picture-in-picture; web-share\" allowfullscreen><\/iframe><\/p>\n<p><strong>Frank Theys<\/strong><\/p>\n<p><iframe loading=\"lazy\" title=\"The Transhumanists Part 1 documentary by Frank Theys\" width=\"840\" height=\"630\" src=\"https:\/\/www.youtube.com\/embed\/ri9CFs6x-MQ?feature=oembed\" frameborder=\"0\" allow=\"accelerometer; autoplay; clipboard-write; encrypted-media; gyroscope; picture-in-picture; web-share\" allowfullscreen><\/iframe><\/p>\n<p><strong>Hanna Nordholt<\/strong><\/p>\n<p><iframe loading=\"lazy\" title=\"Silicium - Schaltkreis 5\" src=\"https:\/\/player.vimeo.com\/video\/150164764?dnt=1&amp;app_id=122963\" width=\"720\" height=\"576\" frameborder=\"0\" allow=\"autoplay; fullscreen; picture-in-picture\"><\/iframe><\/p>\n<p><strong>Fritz Steingrobe<\/strong><\/p>\n<p><iframe loading=\"lazy\" title=\"Drei Grazien\" src=\"https:\/\/player.vimeo.com\/video\/113530897?dnt=1&amp;app_id=122963\" width=\"768\" height=\"576\" frameborder=\"0\" allow=\"autoplay; fullscreen; picture-in-picture\"><\/iframe><\/p>\n<p><strong>Robert-Jan Lacombe<\/strong><\/p>\n<p><iframe loading=\"lazy\" title=\"ECAL\/Cinema \u00ab Kwa Heri Mandima \u00bb by Robert-Jan Lacombe\" src=\"https:\/\/player.vimeo.com\/video\/37664008?dnt=1&amp;app_id=122963\" width=\"840\" height=\"473\" frameborder=\"0\" allow=\"autoplay; fullscreen; picture-in-picture\"><\/iframe><\/p>\n<p><strong>Till Roeskens<\/strong><\/p>\n<p><iframe loading=\"lazy\" title=\"TILL ROESKENS: VIDEOMAPPINGS: AIDA, PALESTINE\" src=\"https:\/\/player.vimeo.com\/video\/25189174?dnt=1&amp;app_id=122963\" width=\"640\" height=\"472\" frameborder=\"0\" allow=\"autoplay; fullscreen; picture-in-picture\"><\/iframe><\/p>\n<p><strong>Isma\u00ebl Bahri<\/strong><\/p>\n<p><iframe loading=\"lazy\" title=\"Ismail Bahri, Revers 2017\" frameborder=\"0\" width=\"840\" height=\"472\" src=\"https:\/\/geo.dailymotion.com\/player.html?video=x5v537d&#038;\" allowfullscreen allow=\"autoplay; fullscreen; picture-in-picture\"><\/iframe><\/p>\n<p><strong>Kentridge<\/strong><\/p>\n<p><iframe loading=\"lazy\" title=\"Felix in Exile - William Kentridge\" src=\"https:\/\/player.vimeo.com\/video\/66485044?dnt=1&amp;app_id=122963\" width=\"720\" height=\"576\" frameborder=\"0\" allow=\"autoplay; fullscreen; picture-in-picture\"><\/iframe><\/p>\n<p><strong>Hans Op de beek<\/strong><\/p>\n<p><iframe loading=\"lazy\" title=\"Hans Op De Beeck - Staging Silence 2\" frameborder=\"0\" width=\"840\" height=\"469\" src=\"https:\/\/geo.dailymotion.com\/player.html?video=x22xjal&#038;\" allowfullscreen allow=\"autoplay; fullscreen; picture-in-picture\"><\/iframe><\/p>\n<p><strong>Valerie Pirson<\/strong><\/p>\n<p><iframe loading=\"lazy\" title=\"SUMMER EVENING - short film - Val\u00e9rie Pirson (2012)\" width=\"840\" height=\"473\" src=\"https:\/\/www.youtube.com\/embed\/X_G54fpxL9w?feature=oembed\" frameborder=\"0\" allow=\"accelerometer; autoplay; clipboard-write; encrypted-media; gyroscope; picture-in-picture; web-share\" allowfullscreen><\/iframe><\/p>\n<p><strong>Pierre Hebert<\/strong><\/p>\n<p><iframe loading=\"lazy\" title=\"You look like me\" src=\"https:\/\/player.vimeo.com\/video\/95423730?dnt=1&amp;app_id=122963\" width=\"840\" height=\"473\" frameborder=\"0\" allow=\"autoplay; fullscreen; picture-in-picture\"><\/iframe><\/p>\n<p><strong>Mira Sanders<\/strong><br \/><a href=\"https:\/\/vimeo.com\/141399467\">https:\/\/vimeo.com\/141399467<\/a><\/p>\n<p><strong>Simon Faithfull<\/strong><\/p>\n<p><iframe loading=\"lazy\" title=\"Going Nowhere II - Simon Faithfull - 2011\" width=\"840\" height=\"473\" src=\"https:\/\/www.youtube.com\/embed\/Lz4MFHsmkMI?feature=oembed\" frameborder=\"0\" allow=\"accelerometer; autoplay; clipboard-write; encrypted-media; gyroscope; picture-in-picture; web-share\" allowfullscreen><\/iframe><\/p>\n<p><strong>Robin Rhode<\/strong><\/p>\n<p><iframe loading=\"lazy\" title=\"ROBIN RHODE\" frameborder=\"0\" width=\"840\" height=\"630\" src=\"https:\/\/geo.dailymotion.com\/player.html?video=x21hu2&#038;\" allowfullscreen allow=\"autoplay; fullscreen; picture-in-picture\"><\/iframe><\/p>\n<p><strong>Olivier Deprez<\/strong><\/p>\n<p><iframe loading=\"lazy\" title=\"Le cabinet de lecture\" src=\"https:\/\/player.vimeo.com\/video\/77957287?dnt=1&amp;app_id=122963\" width=\"840\" height=\"473\" frameborder=\"0\" allow=\"autoplay; fullscreen; picture-in-picture\"><\/iframe><\/p>\n<p><strong>Vincent Fortemp ? \/ Fr\u00e9mok &amp; Wooshing Machine<br \/><\/strong><\/p>\n<p><iframe loading=\"lazy\" title=\"M\u00c8CHES\" src=\"https:\/\/player.vimeo.com\/video\/209127296?dnt=1&amp;app_id=122963\" width=\"840\" height=\"473\" frameborder=\"0\" allow=\"autoplay; fullscreen; picture-in-picture\"><\/iframe><\/p>\n<p><strong>Thierry Van hasselt<\/strong><\/p>\n<p><iframe loading=\"lazy\" title=\"Thierry Van Hasselt \/ Julie Rousse: S\" width=\"840\" height=\"473\" src=\"https:\/\/www.youtube.com\/embed\/1_CxuEINlhM?feature=oembed\" frameborder=\"0\" allow=\"accelerometer; autoplay; clipboard-write; encrypted-media; gyroscope; picture-in-picture; web-share\" allowfullscreen><\/iframe><\/p>\n<p><strong>Maya yonesho<\/strong><\/p>\n<p><iframe loading=\"lazy\" title=\"Casa nayda\" width=\"840\" height=\"473\" src=\"https:\/\/www.youtube.com\/embed\/jbHnZukwVXU?feature=oembed\" frameborder=\"0\" allow=\"accelerometer; autoplay; clipboard-write; encrypted-media; gyroscope; picture-in-picture; web-share\" allowfullscreen><\/iframe><\/p>\n<p>&#8212;&#8212;&#8212;&#8212;&#8212;&#8212;&#8212;&#8212;&#8212;&#8212;&#8212;&#8212;&#8212;&#8212;&#8212;&#8212;&#8212;&#8212;&#8212;&#8212;&#8212;&#8212;&#8212;&#8212;&#8212;&#8212;&#8212;&#8212;-<\/p>\n<p>Oneironauts de <strong>Olivia Humphreys<\/strong><\/p>\n<p><iframe loading=\"lazy\" title=\"Oneironauts (The Dream Travellers)\" src=\"https:\/\/player.vimeo.com\/video\/20306436?dnt=1&amp;app_id=122963\" width=\"640\" height=\"360\" frameborder=\"0\" allow=\"autoplay; fullscreen; picture-in-picture\"><\/iframe><\/p>\n<p>Ryan de <strong>Chris Landreth<\/strong><\/p>\n<p><iframe loading=\"lazy\" title=\"Chris Landreth - Ryan (Exclusive) - Ovation\" width=\"840\" height=\"630\" src=\"https:\/\/www.youtube.com\/embed\/CrsVa3CzQj0?feature=oembed\" frameborder=\"0\" allow=\"accelerometer; autoplay; clipboard-write; encrypted-media; gyroscope; picture-in-picture; web-share\" allowfullscreen><\/iframe><\/p>\n<p>le printemps de <strong>Sant Pon\u00e7<\/strong><\/p>\n<p><iframe loading=\"lazy\" title=\"Le printemps de Sant Pon\u00e7 - st fran\u00e7ais\" src=\"https:\/\/player.vimeo.com\/video\/61882947?dnt=1&amp;app_id=122963\" width=\"840\" height=\"473\" frameborder=\"0\" allow=\"autoplay; fullscreen; picture-in-picture\"><\/iframe><\/p>\n<p>Les journaux de Lipsett de <strong>Theodoe ushev<\/strong>:<\/p>\n<p><iframe loading=\"lazy\" src=\"https:\/\/www.youtube-nocookie.com\/embed\/N_uuKKssvBY\" width=\"560\" height=\"315\" frameborder=\"0\" allowfullscreen=\"allowfullscreen\"><\/iframe><\/p>\n<p>Yellow fever de <strong>Ng&rsquo;endo Mukii<\/strong><\/p>\n<p><iframe loading=\"lazy\" title=\"Yellow Fever\" src=\"https:\/\/player.vimeo.com\/video\/122574484?dnt=1&amp;app_id=122963\" width=\"840\" height=\"473\" frameborder=\"0\" allow=\"autoplay; fullscreen; picture-in-picture\"><\/iframe><\/p>\n<p>Is the man who is tall happy? de <strong>Michel Gondry<\/strong><\/p>\n<p><a href=\"https:\/\/www.youtube.com\/watch?v=cv66xFD7s7g\">https:\/\/www.youtube.com\/watch?v=cv66xFD7s7g<\/a><\/p>\n<p>Fast film de <strong>Virgil Widrich<\/strong><\/p>\n<p><iframe loading=\"lazy\" title=\"fast film-virgil widrich\" width=\"840\" height=\"630\" src=\"https:\/\/www.youtube.com\/embed\/pxOlj3yS8e0?feature=oembed\" frameborder=\"0\" allow=\"accelerometer; autoplay; clipboard-write; encrypted-media; gyroscope; picture-in-picture; web-share\" allowfullscreen><\/iframe><\/p>\n<p>Muybridge&rsquo;s strings de <strong>Koji Yamamura<\/strong><\/p>\n<p><iframe loading=\"lazy\" title=\"Muybridge&#039;s Strings, by Koji Yamamura (Preview)\" src=\"https:\/\/player.vimeo.com\/video\/81836355?dnt=1&amp;app_id=122963\" width=\"840\" height=\"473\" frameborder=\"0\" allow=\"autoplay; fullscreen; picture-in-picture\"><\/iframe><\/p>\n<p><strong>Cyriak Harris<\/strong><\/p>\n<p><iframe loading=\"lazy\" title=\"Eskmo &#039;We Got More&#039; (Official Video)\" width=\"840\" height=\"473\" src=\"https:\/\/www.youtube.com\/embed\/5WaoImXPMtE?feature=oembed\" frameborder=\"0\" allow=\"accelerometer; autoplay; clipboard-write; encrypted-media; gyroscope; picture-in-picture; web-share\" allowfullscreen><\/iframe><\/p>\n<p>Solipsist de <strong>Andrew Thomas Huang<\/strong><\/p>\n<p><iframe loading=\"lazy\" title=\"SOLIPSIST\" src=\"https:\/\/player.vimeo.com\/video\/37848135?dnt=1&amp;app_id=122963\" width=\"840\" height=\"473\" frameborder=\"0\" allow=\"autoplay; fullscreen; picture-in-picture\"><\/iframe><\/p>\n<p>Wild life de <strong>Amanda Forbis &amp; Wendy Tilby<\/strong><\/p>\n<p><iframe loading=\"lazy\" title=\"Wild Life\" width=\"840\" height=\"473\" src=\"https:\/\/www.youtube.com\/embed\/WtbkNCc0tj4?feature=oembed\" frameborder=\"0\" allow=\"accelerometer; autoplay; clipboard-write; encrypted-media; gyroscope; picture-in-picture; web-share\" allowfullscreen><\/iframe><\/p>\n<p>Feeling my way de <strong>Jonathan Hodgson<\/strong><\/p>\n<p><iframe loading=\"lazy\" title=\"Feeling My Way by Jonathan Hodgson (1997)\" frameborder=\"0\" width=\"840\" height=\"630\" src=\"https:\/\/geo.dailymotion.com\/player.html?video=x8harh&#038;\" allowfullscreen allow=\"autoplay; fullscreen; picture-in-picture\"><\/iframe><\/p>\n<p><strong>Camouflage<\/strong><\/p>\n<p><iframe loading=\"lazy\" title=\"Jonathan Hodgson - Camouflage\" width=\"840\" height=\"473\" src=\"https:\/\/www.youtube.com\/embed\/TBcTgQMbc78?feature=oembed\" frameborder=\"0\" allow=\"accelerometer; autoplay; clipboard-write; encrypted-media; gyroscope; picture-in-picture; web-share\" allowfullscreen><\/iframe><\/p>\n<p><strong>The man with the beautiful eyes<\/strong><\/p>\n<p><iframe loading=\"lazy\" title=\"Charles Bukowski &quot;The man with the beautiful eyes&quot;\" width=\"840\" height=\"473\" src=\"https:\/\/www.youtube.com\/embed\/JW12Ealvj0s?feature=oembed\" frameborder=\"0\" allow=\"accelerometer; autoplay; clipboard-write; encrypted-media; gyroscope; picture-in-picture; web-share\" allowfullscreen><\/iframe><\/p>\n<p>Malcom Sutherland<\/p>\n<p><iframe loading=\"lazy\" title=\"This - Malcolm Sutherland animation\" width=\"840\" height=\"630\" src=\"https:\/\/www.youtube.com\/embed\/2OmUyPcyLOs?feature=oembed\" frameborder=\"0\" allow=\"accelerometer; autoplay; clipboard-write; encrypted-media; gyroscope; picture-in-picture; web-share\" allowfullscreen><\/iframe><\/p>\n<p><strong>Birdcalls<\/strong><\/p>\n<p><iframe loading=\"lazy\" title=\"Birdcalls\" width=\"840\" height=\"630\" src=\"https:\/\/www.youtube.com\/embed\/wO1L4qgSLZE?feature=oembed\" frameborder=\"0\" allow=\"accelerometer; autoplay; clipboard-write; encrypted-media; gyroscope; picture-in-picture; web-share\" allowfullscreen><\/iframe><\/p>\n<p><strong>Tabaimo<\/strong><\/p>\n<p><iframe loading=\"lazy\" title=\"oimo : tabaimo -2003- (Trailer)\" src=\"https:\/\/player.vimeo.com\/video\/23470634?dnt=1&amp;app_id=122963\" width=\"640\" height=\"480\" frameborder=\"0\" allow=\"autoplay; fullscreen; picture-in-picture\"><\/iframe><\/p>","protected":false},"excerpt":{"rendered":"<p>Quelques r\u00e9f\u00e9rences de films qui nous ont interpell\u00e9s Une \u00e9quipe de jeunes, encadr\u00e9e par Fr\u00e9d\u00e9rique Odye Thomas de Brabanter Serge Avedikian Ga\u00eblle Denis Schwitzgebel Frank Theys Hanna Nordholt Fritz Steingrobe Robert-Jan Lacombe Till Roeskens Isma\u00ebl Bahri Kentridge Hans Op de beek Valerie Pirson Pierre Hebert Mira Sandershttps:\/\/vimeo.com\/141399467 Simon Faithfull Robin Rhode Olivier Deprez Vincent Fortemp &hellip; <a href=\"https:\/\/www.graphoui.org\/films-hybrides\/\" class=\"more-link\">Continuer la lecture<span class=\"screen-reader-text\"> de &laquo;&nbsp;Vid\u00e9oth\u00e8que&nbsp;&raquo;<\/span><\/a><\/p>\n","protected":false},"author":1,"featured_media":0,"parent":0,"menu_order":0,"comment_status":"closed","ping_status":"closed","template":"","meta":{"footnotes":""},"class_list":["post-2","page","type-page","status-publish","hentry"],"_links":{"self":[{"href":"https:\/\/www.graphoui.org\/films-hybrides\/index.php\/wp-json\/wp\/v2\/pages\/2","targetHints":{"allow":["GET"]}}],"collection":[{"href":"https:\/\/www.graphoui.org\/films-hybrides\/index.php\/wp-json\/wp\/v2\/pages"}],"about":[{"href":"https:\/\/www.graphoui.org\/films-hybrides\/index.php\/wp-json\/wp\/v2\/types\/page"}],"author":[{"embeddable":true,"href":"https:\/\/www.graphoui.org\/films-hybrides\/index.php\/wp-json\/wp\/v2\/users\/1"}],"replies":[{"embeddable":true,"href":"https:\/\/www.graphoui.org\/films-hybrides\/index.php\/wp-json\/wp\/v2\/comments?post=2"}],"version-history":[{"count":20,"href":"https:\/\/www.graphoui.org\/films-hybrides\/index.php\/wp-json\/wp\/v2\/pages\/2\/revisions"}],"predecessor-version":[{"id":862,"href":"https:\/\/www.graphoui.org\/films-hybrides\/index.php\/wp-json\/wp\/v2\/pages\/2\/revisions\/862"}],"wp:attachment":[{"href":"https:\/\/www.graphoui.org\/films-hybrides\/index.php\/wp-json\/wp\/v2\/media?parent=2"}],"curies":[{"name":"wp","href":"https:\/\/api.w.org\/{rel}","templated":true}]}}