{"id":128,"date":"2014-03-18T16:03:34","date_gmt":"2014-03-18T15:03:34","guid":{"rendered":"http:\/\/localhost\/?page_id=128"},"modified":"2025-07-29T15:37:58","modified_gmt":"2025-07-29T14:37:58","slug":"contexte","status":"publish","type":"page","link":"https:\/\/www.graphoui.org\/foot\/","title":{"rendered":"Contexte"},"content":{"rendered":"\n<p class=\"has-white-color has-black-background-color has-text-color has-background has-link-color has-small-font-size wp-elements-3eb5a0f22578b6c86de7211ba024c854\">Le site <em>M\u00e9moires du Football<\/em> est actuellement en maintenance. Merci de revenir plus tard.<\/p>\n\n\n<p style=\"text-align: justify;\"><strong>Publications, vid\u00e9os, installations, traces et expositions.<br \/><\/strong><\/p>\n<div style=\"text-align: justify;\">\n<h2 class=\"tagline\" style=\"display: block;\"><strong>Regards crois\u00e9s sur les pratiques du football au quotidien en Europe et en Afrique.<\/strong><\/h2>\n<\/div>\n<div style=\"text-align: justify;\">A l&rsquo;origine du projet, il y a le football, un jeu pratiqu\u00e9 dans un espace qui renvoie \u00e0 un ensemble de lieux, de formes, d&rsquo;objets et de gestes pourvoyeurs de m\u00e9moire, d&rsquo;association d&rsquo;id\u00e9es. Au-del\u00e0\u00a0 de l&rsquo;exploitation (sur)m\u00e9diatis\u00e9e de ce sport, des milliers d&rsquo;anonymes s&rsquo;\u00e9changent des ballons sur des espaces de jeu improvis\u00e9s.<\/div>\n<div style=\"text-align: justify;\">\u00a0<\/div>\n<div style=\"text-align: justify;\">Partout dans le monde, des lieux sont investis par des habitants de tous \u00e2ges pour qui jouer au ballon est l&rsquo;expression d&rsquo;une cr\u00e9ativit\u00e9 gratuite qui se pratique au quotidien. Quels sens y trouvent-ils ? Quelle m\u00e9moire en gardent-ils ? Quelles traces laissent-ils ?<\/div>\n<div style=\"text-align: justify;\">\u00a0<\/div>\n<div style=\"text-align: justify;\">Par ailleurs, c&rsquo;est de l&rsquo;occupation des espaces dont il est question. Chaque quartier, chaque parcelle est investie par des habitants qui y dessinent un cadre, un espace \u00e9ph\u00e9m\u00e8re. Les \u00e9changes de ballons suscitent une cr\u00e9ativit\u00e9 de l&rsquo;instant et forment un langage: ils \u00e9tablissent une communication entre acteurs et spectateurs. Il s&rsquo;agit de cr\u00e9er sa sc\u00e8ne, au sens th\u00e9\u00e2tral du terme c.\u00e0.d un lieu o\u00f9 l&rsquo;individu peut s&rsquo;exprimer devant un public r\u00e9el ou fantasm\u00e9. Le joueur\/acteur y investit pleinement et instantan\u00e9ment son corps dans un espace bien d\u00e9fini. Ces sc\u00e8nes sont indispensables. C&rsquo;est ce \u00ab foot \u00bb de la p\u00e9riph\u00e9rie, les lieux de sa pratique et sa m\u00e9moire qui nous int\u00e8ressent.<\/div>","protected":false},"excerpt":{"rendered":"<p>Le site M\u00e9moires du Football est actuellement en maintenance. Merci de revenir plus tard. Publications, vid\u00e9os, installations, traces et expositions. Regards crois\u00e9s sur les pratiques du football au quotidien en\u2026 <span class=\"read-btn\"><a class=\"read-more\" href=\"https:\/\/www.graphoui.org\/foot\/\">Read More &rarr;<\/a><\/span><\/p>\n","protected":false},"author":1,"featured_media":0,"parent":0,"menu_order":0,"comment_status":"closed","ping_status":"open","template":"template-page-with-sidebar.php","meta":{"footnotes":""},"class_list":["post-128","page","type-page","status-publish","hentry"],"_links":{"self":[{"href":"https:\/\/www.graphoui.org\/foot\/index.php?rest_route=\/wp\/v2\/pages\/128","targetHints":{"allow":["GET"]}}],"collection":[{"href":"https:\/\/www.graphoui.org\/foot\/index.php?rest_route=\/wp\/v2\/pages"}],"about":[{"href":"https:\/\/www.graphoui.org\/foot\/index.php?rest_route=\/wp\/v2\/types\/page"}],"author":[{"embeddable":true,"href":"https:\/\/www.graphoui.org\/foot\/index.php?rest_route=\/wp\/v2\/users\/1"}],"replies":[{"embeddable":true,"href":"https:\/\/www.graphoui.org\/foot\/index.php?rest_route=%2Fwp%2Fv2%2Fcomments&post=128"}],"version-history":[{"count":22,"href":"https:\/\/www.graphoui.org\/foot\/index.php?rest_route=\/wp\/v2\/pages\/128\/revisions"}],"predecessor-version":[{"id":481,"href":"https:\/\/www.graphoui.org\/foot\/index.php?rest_route=\/wp\/v2\/pages\/128\/revisions\/481"}],"wp:attachment":[{"href":"https:\/\/www.graphoui.org\/foot\/index.php?rest_route=%2Fwp%2Fv2%2Fmedia&parent=128"}],"curies":[{"name":"wp","href":"https:\/\/api.w.org\/{rel}","templated":true}]}}